{"id":80,"date":"2024-08-19T20:19:15","date_gmt":"2024-08-19T18:19:15","guid":{"rendered":"https:\/\/kleinkunstgruppe-dresden.de\/?page_id=80"},"modified":"2024-08-19T20:28:47","modified_gmt":"2024-08-19T18:28:47","slug":"ueber-uns","status":"publish","type":"page","link":"https:\/\/kleinkunstgruppe-dresden.de\/blog\/ueber-uns\/","title":{"rendered":"\u00dcber uns"},"content":{"rendered":"\n<figure class=\"wp-block-table\"><table class=\"has-fixed-layout\"><tbody><tr><td class=\"has-text-align-left\" data-align=\"left\">Ausrichtung<\/td><td>Musikalisch: alle Genres; von Mozart bis Tschaikowski,\u00a0\u00a0von U. J\u00fcrgens bis H. Biege, von Vivaldi bis L. Sterling,<br>\u00a0\u00a0\u00a0\u00a0\u00a0\u00a0\u00a0\u00a0\u00a0\u00a0\u00a0\u00a0\u00a0\u00a0\u00a0\u00a0\u00a0\u00a0\u00a0\u00a0\u00a0\u00a0\u00a0\u00a0\u00a0\u00a0\u00a0\u00a0\u00a0\u00a0\u00a0\u00a0\u00a0\u00a0\u00a0\u00a0\u00a0\u00a0\u00a0\u00a0\u00a0\u00a0\u00a0\u00a0\u00a0\u00a0\u00a0\u00a0\u00a0\u00a0\u00a0\u00a0\u00a0\u00a0\u00a0 Gesang<br><br>Tanz:\u00a0klassisch bis modern; Kompositionen begleitend, eigene Choreografien<br>\u00a0\u00a0\u00a0\u00a0\u00a0\u00a0\u00a0\u00a0\u00a0\u00a0\u00a0\u00a0\u00a0\u00a0\u00a0\u00a0\u00a0\u00a0\u00a0\u00a0\u00a0\u00a0\u00a0\u00a0\u00a0\u00a0\u00a0\u00a0\u00a0\u00a0\u00a0\u00a0\u00a0\u00a0\u00a0 <br>Rezitation: Gedichte, M\u00e4rchen, Kurzgeschichten<\/td><\/tr><tr><td class=\"has-text-align-left\" data-align=\"left\">Instrumente<\/td><td>Violine, Harfe, Klavier, Akkordeon, Gitarre<\/td><\/tr><tr><td class=\"has-text-align-left\" data-align=\"left\">Status<\/td><td>K\u00fcnstlerinnen und K\u00fcnstler mit&nbsp; musikalischer, rezitatorischer und t\u00e4nzerischer Ausbildung<br><br>Herzensfreude am Auftritt<br><br>Reiner Amateurstatus, Abiturienten, Studentinnen, versch. soz. Gruppen<\/td><\/tr><tr><td class=\"has-text-align-left\" data-align=\"left\">Auff\u00fchrungsorte<\/td><td>Veranstaltungssaal &#8222;flussaufw\u00e4rts&#8220; in Laubegast,<br>&nbsp;&nbsp;&nbsp;&nbsp;&nbsp;&nbsp;&nbsp;&nbsp;&nbsp;&nbsp;&nbsp;&nbsp;&nbsp;&nbsp;&nbsp;&nbsp;&nbsp;&nbsp;&nbsp;&nbsp;&nbsp;&nbsp; &nbsp;&nbsp;&nbsp;&nbsp;&nbsp;&nbsp; &nbsp; &nbsp; &nbsp; Privatgrundst\u00fccke, Kirchen, geeignete Landschaftsorte<\/td><\/tr><tr><td class=\"has-text-align-left\" data-align=\"left\">Programme<\/td><td>Fr\u00fchjahrs- \/Sommer- und Weihnachtslesungen<br><br>Situative Anl\u00e4sse\/W\u00fcnsche<\/td><\/tr><tr><td class=\"has-text-align-left\" data-align=\"left\">Internet\/technische Unterst\u00fctzung<\/td><td>Christian Dietze<\/td><\/tr><tr><td class=\"has-text-align-left\" data-align=\"left\">Leitung\/Organisation<\/td><td>Prof. Dr. Nicolaus (<a href=\"mailto:dr.c.nic@gmx.de\">dr.c.nic@gmx.de<\/a>)<\/td><\/tr><\/tbody><\/table><\/figure>\n\n\n\n<p>Kleinkunstgruppe &#8222;Nachklang&#8220; in Dresden:<\/p>\n\n\n\n<p><\/p>\n","protected":false},"excerpt":{"rendered":"<p>Ausrichtung Musikalisch: alle Genres; von Mozart bis Tschaikowski,\u00a0\u00a0von U. J\u00fcrgens bis H. Biege, von Vivaldi bis L. Sterling,\u00a0\u00a0\u00a0\u00a0\u00a0\u00a0\u00a0\u00a0\u00a0\u00a0\u00a0\u00a0\u00a0\u00a0\u00a0\u00a0\u00a0\u00a0\u00a0\u00a0\u00a0\u00a0\u00a0\u00a0\u00a0\u00a0\u00a0\u00a0\u00a0\u00a0\u00a0\u00a0\u00a0\u00a0\u00a0\u00a0\u00a0\u00a0\u00a0\u00a0\u00a0\u00a0\u00a0\u00a0\u00a0\u00a0\u00a0\u00a0\u00a0\u00a0\u00a0\u00a0\u00a0\u00a0\u00a0 Gesang Tanz:\u00a0klassisch bis modern; Kompositionen begleitend, eigene Choreografien\u00a0\u00a0\u00a0\u00a0\u00a0\u00a0\u00a0\u00a0\u00a0\u00a0\u00a0\u00a0\u00a0\u00a0\u00a0\u00a0\u00a0\u00a0\u00a0\u00a0\u00a0\u00a0\u00a0\u00a0\u00a0\u00a0\u00a0\u00a0\u00a0\u00a0\u00a0\u00a0\u00a0\u00a0\u00a0 Rezitation: Gedichte, M\u00e4rchen, Kurzgeschichten Instrumente Violine, Harfe, Klavier, Akkordeon, Gitarre Status K\u00fcnstlerinnen und K\u00fcnstler &hellip; <a href=\"https:\/\/kleinkunstgruppe-dresden.de\/blog\/ueber-uns\/\">Weiterlesen <span class=\"meta-nav\">&rarr;<\/span><\/a><\/p>\n","protected":false},"author":1,"featured_media":0,"parent":0,"menu_order":0,"comment_status":"closed","ping_status":"closed","template":"","meta":{"footnotes":""},"class_list":["post-80","page","type-page","status-publish","hentry"],"_links":{"self":[{"href":"https:\/\/kleinkunstgruppe-dresden.de\/blog\/wp-json\/wp\/v2\/pages\/80","targetHints":{"allow":["GET"]}}],"collection":[{"href":"https:\/\/kleinkunstgruppe-dresden.de\/blog\/wp-json\/wp\/v2\/pages"}],"about":[{"href":"https:\/\/kleinkunstgruppe-dresden.de\/blog\/wp-json\/wp\/v2\/types\/page"}],"author":[{"embeddable":true,"href":"https:\/\/kleinkunstgruppe-dresden.de\/blog\/wp-json\/wp\/v2\/users\/1"}],"replies":[{"embeddable":true,"href":"https:\/\/kleinkunstgruppe-dresden.de\/blog\/wp-json\/wp\/v2\/comments?post=80"}],"version-history":[{"count":4,"href":"https:\/\/kleinkunstgruppe-dresden.de\/blog\/wp-json\/wp\/v2\/pages\/80\/revisions"}],"predecessor-version":[{"id":87,"href":"https:\/\/kleinkunstgruppe-dresden.de\/blog\/wp-json\/wp\/v2\/pages\/80\/revisions\/87"}],"wp:attachment":[{"href":"https:\/\/kleinkunstgruppe-dresden.de\/blog\/wp-json\/wp\/v2\/media?parent=80"}],"curies":[{"name":"wp","href":"https:\/\/api.w.org\/{rel}","templated":true}]}}